{"id":337,"date":"2024-04-14T02:10:49","date_gmt":"2024-04-14T02:10:49","guid":{"rendered":"https:\/\/www.tio2product.com\/?page_id=337"},"modified":"2025-04-02T16:13:10","modified_gmt":"2025-04-02T08:13:10","slug":"news","status":"publish","type":"page","link":"https:\/\/www.tio2product.com\/pt\/news\/","title":{"rendered":"Not\u00edcias"},"content":{"rendered":"<div data-elementor-type=\"wp-page\" data-elementor-id=\"337\" class=\"elementor elementor-337\" data-elementor-post-type=\"page\">\n\t\t\t\t<div class=\"elementor-element elementor-element-f6d5418 e-flex e-con-boxed e-con e-parent\" data-id=\"f6d5418\" data-element_type=\"container\" data-settings=\"{&quot;background_background&quot;:&quot;classic&quot;}\">\n\t\t\t\t\t<div class=\"e-con-inner\">\n\t\t<div class=\"elementor-element elementor-element-1033cee e-con-full e-flex e-con e-child\" data-id=\"1033cee\" data-element_type=\"container\">\n\t\t\t\t<div class=\"elementor-element elementor-element-396b78f elementor-widget-mobile__width-inherit elementor-widget elementor-widget-woocommerce-breadcrumb\" data-id=\"396b78f\" data-element_type=\"widget\" data-widget_type=\"woocommerce-breadcrumb.default\">\n\t\t\t\t<div class=\"elementor-widget-container\">\n\t\t\t\t\t<nav class=\"woocommerce-breadcrumb\" aria-label=\"Breadcrumb\" data-no-translation=\"\" data-trp-gettext=\"\">In\u00edcio<\/nav>\t\t\t\t<\/div>\n\t\t\t\t<\/div>\n\t\t\t\t<\/div>\n\t\t\t\t\t<\/div>\n\t\t\t\t<\/div>\n\t\t<div class=\"elementor-element elementor-element-e58d09a e-flex e-con-boxed e-con e-parent\" data-id=\"e58d09a\" data-element_type=\"container\">\n\t\t\t\t\t<div class=\"e-con-inner\">\n\t\t\t\t<div class=\"elementor-element elementor-element-e5f2007 elementor-posts--align-center elementor-grid-3 elementor-grid-tablet-2 elementor-grid-mobile-1 elementor-posts--thumbnail-top elementor-widget elementor-widget-posts\" data-id=\"e5f2007\" data-element_type=\"widget\" data-settings=\"{&quot;classic_columns&quot;:&quot;3&quot;,&quot;classic_columns_tablet&quot;:&quot;2&quot;,&quot;classic_columns_mobile&quot;:&quot;1&quot;,&quot;classic_row_gap&quot;:{&quot;unit&quot;:&quot;px&quot;,&quot;size&quot;:35,&quot;sizes&quot;:[]},&quot;classic_row_gap_tablet&quot;:{&quot;unit&quot;:&quot;px&quot;,&quot;size&quot;:&quot;&quot;,&quot;sizes&quot;:[]},&quot;classic_row_gap_mobile&quot;:{&quot;unit&quot;:&quot;px&quot;,&quot;size&quot;:&quot;&quot;,&quot;sizes&quot;:[]}}\" data-widget_type=\"posts.classic\">\n\t\t\t\t<div class=\"elementor-widget-container\">\n\t\t\t\t\t\t\t<div class=\"elementor-posts-container elementor-posts elementor-posts--skin-classic elementor-grid\">\n\t\t\t\t<article class=\"elementor-post elementor-grid-item post-1575 post type-post status-publish format-standard has-post-thumbnail hentry\">\n\t\t\t\t<a class=\"elementor-post__thumbnail__link\" href=\"https:\/\/www.tio2product.com\/pt\/new-developments-in-titanium-dioxide-production-processes-and-market-applications-boosting-the-development-of-multiple-industries\/\" tabindex=\"-1\" >\n\t\t\t<div class=\"elementor-post__thumbnail\"><img fetchpriority=\"high\" decoding=\"async\" width=\"545\" height=\"463\" src=\"https:\/\/www.tio2product.com\/wp-content\/uploads\/2025\/03\/2b256c8b-df35-4a59-9215-fd186fab1d9e.jpg\" class=\"attachment-medium size-medium wp-image-1576\" alt=\"\" \/><\/div>\n\t\t<\/a>\n\t\t\t\t<div class=\"elementor-post__text\">\n\t\t\t\t<h3 class=\"elementor-post__title\">\n\t\t\t<a href=\"https:\/\/www.tio2product.com\/pt\/new-developments-in-titanium-dioxide-production-processes-and-market-applications-boosting-the-development-of-multiple-industries\/\" >\n\t\t\t\tNovos desenvolvimentos em processos de produ\u00e7\u00e3o de di\u00f3xido de tit\u00e2nio e aplica\u00e7\u00f5es de mercado, impulsionando o desenvolvimento de v\u00e1rios setores\t\t\t<\/a>\n\t\t<\/h3>\n\t\t\t\t<\/div>\n\t\t\t\t<\/article>\n\t\t\t\t<article class=\"elementor-post elementor-grid-item post-1572 post type-post status-publish format-standard has-post-thumbnail hentry\">\n\t\t\t\t<a class=\"elementor-post__thumbnail__link\" href=\"https:\/\/www.tio2product.com\/pt\/changes-in-the-supply-and-demand-of-the-titanium-dioxide-market-intensified-enterprise-competition-promotes-industry-transformation-and-upgrading\/\" tabindex=\"-1\" >\n\t\t\t<div class=\"elementor-post__thumbnail\"><img decoding=\"async\" width=\"548\" height=\"346\" src=\"https:\/\/www.tio2product.com\/wp-content\/uploads\/2025\/03\/b58b0684-fdfd-4c6e-90ff-5e4ac40a272b.jpg\" class=\"attachment-medium size-medium wp-image-1573\" alt=\"\" \/><\/div>\n\t\t<\/a>\n\t\t\t\t<div class=\"elementor-post__text\">\n\t\t\t\t<h3 class=\"elementor-post__title\">\n\t\t\t<a href=\"https:\/\/www.tio2product.com\/pt\/changes-in-the-supply-and-demand-of-the-titanium-dioxide-market-intensified-enterprise-competition-promotes-industry-transformation-and-upgrading\/\" >\n\t\t\t\tMudan\u00e7as na oferta e na demanda do mercado de di\u00f3xido de tit\u00e2nio e a intensifica\u00e7\u00e3o da concorr\u00eancia entre empresas promovem a transforma\u00e7\u00e3o e a atualiza\u00e7\u00e3o do setor\t\t\t<\/a>\n\t\t<\/h3>\n\t\t\t\t<\/div>\n\t\t\t\t<\/article>\n\t\t\t\t<article class=\"elementor-post elementor-grid-item post-852 post type-post status-publish format-standard has-post-thumbnail hentry\">\n\t\t\t\t<a class=\"elementor-post__thumbnail__link\" href=\"https:\/\/www.tio2product.com\/pt\/titanium-dioxide-industry-in-2025-two-price-hikes-stir-market-changes\/\" tabindex=\"-1\" >\n\t\t\t<div class=\"elementor-post__thumbnail\"><img decoding=\"async\" width=\"600\" height=\"557\" src=\"https:\/\/www.tio2product.com\/wp-content\/uploads\/2024\/06\/9b9d0203-c6a5-4128-8a73-da3f8858c963-600x557.jpg\" class=\"attachment-medium size-medium wp-image-1564\" alt=\"\" srcset=\"https:\/\/www.tio2product.com\/wp-content\/uploads\/2024\/06\/9b9d0203-c6a5-4128-8a73-da3f8858c963-600x557.jpg 600w, https:\/\/www.tio2product.com\/wp-content\/uploads\/2024\/06\/9b9d0203-c6a5-4128-8a73-da3f8858c963-768x712.jpg 768w, https:\/\/www.tio2product.com\/wp-content\/uploads\/2024\/06\/9b9d0203-c6a5-4128-8a73-da3f8858c963.jpg 800w\" sizes=\"(max-width: 600px) 100vw, 600px\" \/><\/div>\n\t\t<\/a>\n\t\t\t\t<div class=\"elementor-post__text\">\n\t\t\t\t<h3 class=\"elementor-post__title\">\n\t\t\t<a href=\"https:\/\/www.tio2product.com\/pt\/titanium-dioxide-industry-in-2025-two-price-hikes-stir-market-changes\/\" >\n\t\t\t\tInd\u00fastria de di\u00f3xido de tit\u00e2nio em 2025: Dois aumentos de pre\u00e7os provocam mudan\u00e7as no mercado\t\t\t<\/a>\n\t\t<\/h3>\n\t\t\t\t<\/div>\n\t\t\t\t<\/article>\n\t\t\t\t<article class=\"elementor-post elementor-grid-item post-843 post type-post status-publish format-standard has-post-thumbnail hentry\">\n\t\t\t\t<a class=\"elementor-post__thumbnail__link\" href=\"https:\/\/www.tio2product.com\/pt\/ncnnc-titanium-whites-impressive-2024-annual-report-dual-drive-growth-of-titanium-dioxide-and-phosphor-chemical-industry\/\" tabindex=\"-1\" >\n\t\t\t<div class=\"elementor-post__thumbnail\"><img loading=\"lazy\" decoding=\"async\" width=\"600\" height=\"360\" src=\"https:\/\/www.tio2product.com\/wp-content\/uploads\/2024\/06\/c80c4706-7b73-42a5-8d3b-4ca06fc0918e-600x360.jpg\" class=\"attachment-medium size-medium wp-image-1568\" alt=\"\" srcset=\"https:\/\/www.tio2product.com\/wp-content\/uploads\/2024\/06\/c80c4706-7b73-42a5-8d3b-4ca06fc0918e-600x360.jpg 600w, https:\/\/www.tio2product.com\/wp-content\/uploads\/2024\/06\/c80c4706-7b73-42a5-8d3b-4ca06fc0918e-768x461.jpg 768w, https:\/\/www.tio2product.com\/wp-content\/uploads\/2024\/06\/c80c4706-7b73-42a5-8d3b-4ca06fc0918e.jpg 886w\" sizes=\"(max-width: 600px) 100vw, 600px\" \/><\/div>\n\t\t<\/a>\n\t\t\t\t<div class=\"elementor-post__text\">\n\t\t\t\t<h3 class=\"elementor-post__title\">\n\t\t\t<a href=\"https:\/\/www.tio2product.com\/pt\/ncnnc-titanium-whites-impressive-2024-annual-report-dual-drive-growth-of-titanium-dioxide-and-phosphor-chemical-industry\/\" >\n\t\t\t\tO impressionante relat\u00f3rio anual de 2024 da NCNNC Titanium White: Dual - Impulsiona o crescimento do di\u00f3xido de tit\u00e2nio e do f\u00f3sforo - Ind\u00fastria qu\u00edmica\t\t\t<\/a>\n\t\t<\/h3>\n\t\t\t\t<\/div>\n\t\t\t\t<\/article>\n\t\t\t\t<article class=\"elementor-post elementor-grid-item post-824 post type-post status-publish format-standard has-post-thumbnail hentry\">\n\t\t\t\t<a class=\"elementor-post__thumbnail__link\" href=\"https:\/\/www.tio2product.com\/pt\/chinas-titanium-dioxide-exports-reach-new-high-in-2024-with-opportunities-and-challenges-in-the-international-market\/\" tabindex=\"-1\" >\n\t\t\t<div class=\"elementor-post__thumbnail\"><img loading=\"lazy\" decoding=\"async\" width=\"512\" height=\"307\" src=\"https:\/\/www.tio2product.com\/wp-content\/uploads\/2024\/06\/5e39b4b2-8084-45c5-af68-c4f9ac03718f.jpg\" class=\"attachment-medium size-medium wp-image-1570\" alt=\"\" \/><\/div>\n\t\t<\/a>\n\t\t\t\t<div class=\"elementor-post__text\">\n\t\t\t\t<h3 class=\"elementor-post__title\">\n\t\t\t<a href=\"https:\/\/www.tio2product.com\/pt\/chinas-titanium-dioxide-exports-reach-new-high-in-2024-with-opportunities-and-challenges-in-the-international-market\/\" >\n\t\t\t\tExporta\u00e7\u00f5es de di\u00f3xido de tit\u00e2nio da China atingem novo recorde em 2024, com oportunidades e desafios no mercado internacional\t\t\t<\/a>\n\t\t<\/h3>\n\t\t\t\t<\/div>\n\t\t\t\t<\/article>\n\t\t\t\t<\/div>\n\t\t\n\t\t\t\t\t\t<\/div>\n\t\t\t\t<\/div>\n\t\t\t\t\t<\/div>\n\t\t\t\t<\/div>\n\t\t\t\t<\/div>","protected":false},"excerpt":{"rendered":"","protected":false},"author":1,"featured_media":0,"parent":0,"menu_order":0,"comment_status":"closed","ping_status":"closed","template":"","meta":{"site-sidebar-layout":"no-sidebar","site-content-layout":"","ast-site-content-layout":"full-width-container","site-content-style":"default","site-sidebar-style":"default","ast-global-header-display":"","ast-banner-title-visibility":"","ast-main-header-display":"","ast-hfb-above-header-display":"","ast-hfb-below-header-display":"","ast-hfb-mobile-header-display":"","site-post-title":"disabled","ast-breadcrumbs-content":"","ast-featured-img":"disabled","footer-sml-layout":"","theme-transparent-header-meta":"disabled","adv-header-id-meta":"","stick-header-meta":"","header-above-stick-meta":"","header-main-stick-meta":"","header-below-stick-meta":"","astra-migrate-meta-layouts":"default","ast-page-background-enabled":"default","ast-page-background-meta":{"desktop":{"background-color":"var(--ast-global-color-4)","background-image":"","background-repeat":"repeat","background-position":"center center","background-size":"auto","background-attachment":"scroll","background-type":"","background-media":"","overlay-type":"","overlay-color":"","overlay-gradient":""},"tablet":{"background-color":"","background-image":"","background-repeat":"repeat","background-position":"center center","background-size":"auto","background-attachment":"scroll","background-type":"","background-media":"","overlay-type":"","overlay-color":"","overlay-gradient":""},"mobile":{"background-color":"","background-image":"","background-repeat":"repeat","background-position":"center center","background-size":"auto","background-attachment":"scroll","background-type":"","background-media":"","overlay-type":"","overlay-color":"","overlay-gradient":""}},"ast-content-background-meta":{"desktop":{"background-color":"var(--ast-global-color-5)","background-image":"","background-repeat":"repeat","background-position":"center center","background-size":"auto","background-attachment":"scroll","background-type":"","background-media":"","overlay-type":"","overlay-color":"","overlay-gradient":""},"tablet":{"background-color":"var(--ast-global-color-5)","background-image":"","background-repeat":"repeat","background-position":"center center","background-size":"auto","background-attachment":"scroll","background-type":"","background-media":"","overlay-type":"","overlay-color":"","overlay-gradient":""},"mobile":{"background-color":"var(--ast-global-color-5)","background-image":"","background-repeat":"repeat","background-position":"center center","background-size":"auto","background-attachment":"scroll","background-type":"","background-media":"","overlay-type":"","overlay-color":"","overlay-gradient":""}},"footnotes":""},"class_list":["post-337","page","type-page","status-publish","hentry"],"acf":[],"_links":{"self":[{"href":"https:\/\/www.tio2product.com\/pt\/wp-json\/wp\/v2\/pages\/337","targetHints":{"allow":["GET"]}}],"collection":[{"href":"https:\/\/www.tio2product.com\/pt\/wp-json\/wp\/v2\/pages"}],"about":[{"href":"https:\/\/www.tio2product.com\/pt\/wp-json\/wp\/v2\/types\/page"}],"author":[{"embeddable":true,"href":"https:\/\/www.tio2product.com\/pt\/wp-json\/wp\/v2\/users\/1"}],"replies":[{"embeddable":true,"href":"https:\/\/www.tio2product.com\/pt\/wp-json\/wp\/v2\/comments?post=337"}],"version-history":[{"count":38,"href":"https:\/\/www.tio2product.com\/pt\/wp-json\/wp\/v2\/pages\/337\/revisions"}],"predecessor-version":[{"id":1826,"href":"https:\/\/www.tio2product.com\/pt\/wp-json\/wp\/v2\/pages\/337\/revisions\/1826"}],"wp:attachment":[{"href":"https:\/\/www.tio2product.com\/pt\/wp-json\/wp\/v2\/media?parent=337"}],"curies":[{"name":"wp","href":"https:\/\/api.w.org\/{rel}","templated":true}]}}