{"id":1866,"date":"2025-06-18T17:00:49","date_gmt":"2025-06-18T09:00:49","guid":{"rendered":"https:\/\/www.tio2product.com\/?post_type=product&#038;p=1866"},"modified":"2025-06-19T09:35:18","modified_gmt":"2025-06-19T01:35:18","slug":"a-980-anatase-titanium-dioxide","status":"publish","type":"product","link":"http:\/\/www.tio2product.com\/pt\/produto\/a-980-anatase-titanium-dioxide\/","title":{"rendered":"Di\u00f3xido de tit\u00e2nio anatase A-980"},"content":{"rendered":"<p>\u00c9 um di\u00f3xido de tit\u00e2nio anatase especial de alto grau com excelente brancura e cor azul.<br \/>\nsubtom, consist\u00eancia de cor, alto brilho, alta pureza, alto poder de tingimento, baixo teor de \u00e1gua<br \/>\nabsor\u00e7\u00e3o, boa dispers\u00e3o e baixo teor de metais pesados.<\/p>\n<p>Aplica\u00e7\u00f5es\uff1a Caracter\u00edsticas<\/p>\n<p>Tinta \u00e0 base de \u00e1gua\uff1a Brancura, opacidade, durabilidade, brilho<\/p>\n<p>Fabrica\u00e7\u00e3o de papel\uff1a Brancura, dispers\u00e3o, opacidade, durabilidade<\/p>\n<p>Tinta l\u00e1tex\uff1a Dispers\u00e3o, brancura, opacidade, brilho<\/p>\n<p>Pl\u00e1sticos, borracha\uff1a Brancura, opacidade, durabilidade<\/p>","protected":false},"excerpt":{"rendered":"<p>Conte\u00fado de TiO2: \u226597,0%<br \/>\nTeor de rutilo \u226598,0%<br \/>\nBrancura*1<br \/>\nFor\u00e7a de colora\u00e7\u00e3o (TCS) &gt;1800<br \/>\nTom inferior (SCX) \u22653,5<br \/>\nVol\u00e1til a 105\u00b0C. 0,2%<br \/>\nRes\u00edduo (&lt;45um) \u226410<br \/>\nResist\u00eancia &gt;100<br \/>\nAbsor\u00e7\u00e3o de \u00f3leo \u226415<\/p>","protected":false},"featured_media":1867,"template":"","meta":{"site-sidebar-layout":"default","site-content-layout":"","ast-site-content-layout":"default","site-content-style":"default","site-sidebar-style":"default","ast-global-header-display":"","ast-banner-title-visibility":"","ast-main-header-display":"","ast-hfb-above-header-display":"","ast-hfb-below-header-display":"","ast-hfb-mobile-header-display":"","site-post-title":"","ast-breadcrumbs-content":"","ast-featured-img":"","footer-sml-layout":"","theme-transparent-header-meta":"default","adv-header-id-meta":"","stick-header-meta":"default","header-above-stick-meta":"","header-main-stick-meta":"","header-below-stick-meta":"","astra-migrate-meta-layouts":"set","ast-page-background-enabled":"default","ast-page-background-meta":{"desktop":{"background-color":"var(--ast-global-color-4)","background-image":"","background-repeat":"repeat","background-position":"center center","background-size":"auto","background-attachment":"scroll","background-type":"","background-media":"","overlay-type":"","overlay-color":"","overlay-gradient":""},"tablet":{"background-color":"","background-image":"","background-repeat":"repeat","background-position":"center center","background-size":"auto","background-attachment":"scroll","background-type":"","background-media":"","overlay-type":"","overlay-color":"","overlay-gradient":""},"mobile":{"background-color":"","background-image":"","background-repeat":"repeat","background-position":"center center","background-size":"auto","background-attachment":"scroll","background-type":"","background-media":"","overlay-type":"","overlay-color":"","overlay-gradient":""}},"ast-content-background-meta":{"desktop":{"background-color":"var(--ast-global-color-5)","background-image":"","background-repeat":"repeat","background-position":"center center","background-size":"auto","background-attachment":"scroll","background-type":"","background-media":"","overlay-type":"","overlay-color":"","overlay-gradient":""},"tablet":{"background-color":"var(--ast-global-color-5)","background-image":"","background-repeat":"repeat","background-position":"center center","background-size":"auto","background-attachment":"scroll","background-type":"","background-media":"","overlay-type":"","overlay-color":"","overlay-gradient":""},"mobile":{"background-color":"var(--ast-global-color-5)","background-image":"","background-repeat":"repeat","background-position":"center center","background-size":"auto","background-attachment":"scroll","background-type":"","background-media":"","overlay-type":"","overlay-color":"","overlay-gradient":""}}},"product_brand":[],"product_cat":[44],"product_tag":[],"class_list":{"0":"post-1866","1":"product","2":"type-product","3":"status-publish","4":"has-post-thumbnail","6":"product_cat-composite-titanium-dioxide","7":"desktop-align-left","8":"tablet-align-left","9":"mobile-align-left","10":"ast-product-gallery-layout-horizontal-slider","11":"ast-product-gallery-with-no-image","12":"ast-product-tabs-layout-horizontal","14":"first","15":"instock","16":"shipping-taxable","17":"product-type-simple"},"acf":[],"_links":{"self":[{"href":"http:\/\/www.tio2product.com\/pt\/wp-json\/wp\/v2\/product\/1866","targetHints":{"allow":["GET"]}}],"collection":[{"href":"http:\/\/www.tio2product.com\/pt\/wp-json\/wp\/v2\/product"}],"about":[{"href":"http:\/\/www.tio2product.com\/pt\/wp-json\/wp\/v2\/types\/product"}],"wp:featuredmedia":[{"embeddable":true,"href":"http:\/\/www.tio2product.com\/pt\/wp-json\/wp\/v2\/media\/1867"}],"wp:attachment":[{"href":"http:\/\/www.tio2product.com\/pt\/wp-json\/wp\/v2\/media?parent=1866"}],"wp:term":[{"taxonomy":"product_brand","embeddable":true,"href":"http:\/\/www.tio2product.com\/pt\/wp-json\/wp\/v2\/product_brand?post=1866"},{"taxonomy":"product_cat","embeddable":true,"href":"http:\/\/www.tio2product.com\/pt\/wp-json\/wp\/v2\/product_cat?post=1866"},{"taxonomy":"product_tag","embeddable":true,"href":"http:\/\/www.tio2product.com\/pt\/wp-json\/wp\/v2\/product_tag?post=1866"}],"curies":[{"name":"wp","href":"https:\/\/api.w.org\/{rel}","templated":true}]}}